{"id":24131,"date":"2025-03-06T22:42:01","date_gmt":"2025-03-06T21:42:01","guid":{"rendered":"https:\/\/bqasshop.com\/?post_type=product&#038;p=24131"},"modified":"2025-05-21T22:10:04","modified_gmt":"2025-05-21T20:10:04","slug":"animalium-scan-lifestyle-player-scalarwellenmessung-bei-pferden-hunden-katzen-in-nur-60-sekunden-werden-17-koerperzellen-beim-tier-analysiert-ohne-onlineschulung","status":"publish","type":"product","link":"https:\/\/bqasshop.com\/en\/product\/animalium-scan-lifestyle-player-scalarwellenmessung-bei-pferden-hunden-katzen-in-nur-60-sekunden-werden-17-koerperzellen-beim-tier-analysiert-ohne-onlineschulung\/","title":{"rendered":"ANIMALIUM SCAN - LIFESTYLE PLAYER - Scalar wave measurement in horses, dogs, cats in just 60 seconds 17 body cells are analyzed in the animal - without online training"},"content":{"rendered":"<div data-elementor-type=\"wp-post\" data-elementor-id=\"24131\" class=\"elementor elementor-24131\" data-elementor-post-type=\"product\">\n\t\t\t\t\t\t<section class=\"elementor-section elementor-top-section elementor-element elementor-element-5184061b elementor-section-boxed elementor-section-height-default elementor-section-height-default\" data-id=\"5184061b\" data-element_type=\"section\" data-e-type=\"section\">\n\t\t\t\t\t\t<div class=\"elementor-container elementor-column-gap-default\">\n\t\t\t\t\t<div class=\"elementor-column elementor-col-100 elementor-top-column elementor-element elementor-element-6ec981a4\" data-id=\"6ec981a4\" data-element_type=\"column\" data-e-type=\"column\">\n\t\t\t<div class=\"elementor-widget-wrap elementor-element-populated\">\n\t\t\t\t\t\t<div class=\"elementor-element elementor-element-9429390 elementor-widget elementor-widget-text-editor\" data-id=\"9429390\" data-element_type=\"widget\" data-e-type=\"widget\" data-widget_type=\"text-editor.default\">\n\t\t\t\t<div class=\"elementor-widget-container\">\n\t\t\t\t\t\t\t\t\t<p><strong>Was kann das neue ANIMALIUM SCAN:<\/strong><\/p><p>\u2022 ANIMALIUM SCAN analysiert innerhalb von 60 Sekunden die wichtigsten 17 K\u00f6rperfunktionen der Tiere.<br \/>\u2022 ANIMALIUM SCAN Messergebnisse werden innerhalb von Sekunden am Bildschirm angezeigt und k\u00f6nnen abgespeichert und\/oder ausgedruckt werden.<br \/>\u2022 ANIMALIUM SCAN ist mit modernster Elektronik, die bereits in der Skalar-Medizin erforscht und entwickelt wurde ausgestattet, um das hoch sensible Magnetfeld und die Frequenzen unserer Zellen mittels spezieller Kontaktsonden messen zu k\u00f6nnen.<br \/>\u2022 ANIMALIUM SCAN beinhaltet eine spezielle Software die in den USA weiterentwickelt<br \/>und fertiggestellt wurde.<br \/>\u2022 ANIMALIUM SCAN ist geeicht und mit dem CE Zertifikat ausgestattet.<\/p><p><strong>ANIMALIUM SCAN Messergebnisse (Reporte):<\/strong><br \/>1. Blutkreislaufsystem<br \/>2. Gastrointestinale Funktion<br \/>3. Hepatobili\u00e4re Funktion<br \/>4. Nierenfunktion<br \/>5. Skelettsystem<br \/>6. Knochen<br \/>7. Spurenelemente<br \/>8. Vitamine<br \/>9. Aminos\u00e4uren<br \/>10. Immunsystem<br \/>11. Schilddr\u00fcse<br \/>12. Schwermetalle<br \/>13. Kollagene<br \/>14. Lungenfunktion<br \/>15. Allergie<br \/>16. Haut<br \/>17. Augen<\/p><p><strong>Achtung &#8211; wichtig!<\/strong><br \/>Etwaige Messergebnisse die Sie beunruhigen, besprechen Sie bitte mit dem Tierarzt. Er wird die richtige Behandlung mit Ihnen besprechen und die notwendige Therapie f\u00fcr das Tier einleiten!<\/p>\t\t\t\t\t\t\t\t<\/div>\n\t\t\t\t<\/div>\n\t\t\t\t<section class=\"elementor-section elementor-inner-section elementor-element elementor-element-fdc58da elementor-section-boxed elementor-section-height-default elementor-section-height-default\" data-id=\"fdc58da\" data-element_type=\"section\" data-e-type=\"section\">\n\t\t\t\t\t\t<div class=\"elementor-container elementor-column-gap-default\">\n\t\t\t\t\t<div class=\"elementor-column elementor-col-100 elementor-inner-column elementor-element elementor-element-568126a\" data-id=\"568126a\" data-element_type=\"column\" data-e-type=\"column\">\n\t\t\t<div class=\"elementor-widget-wrap elementor-element-populated\">\n\t\t\t\t\t\t<div class=\"elementor-element elementor-element-a375ad7 elementor-widget elementor-widget-image\" data-id=\"a375ad7\" data-element_type=\"widget\" data-e-type=\"widget\" data-widget_type=\"image.default\">\n\t\t\t\t<div class=\"elementor-widget-container\">\n\t\t\t\t\t\t\t\t\t\t\t\t\t\t\t<img fetchpriority=\"high\" decoding=\"async\" width=\"617\" height=\"340\" src=\"https:\/\/bqasshop.com\/wp-content\/uploads\/Grafik-Animalium-1.png\" class=\"attachment-large size-large wp-image-24113\" alt=\"\" srcset=\"https:\/\/bqasshop.com\/wp-content\/uploads\/Grafik-Animalium-1.png 617w, https:\/\/bqasshop.com\/wp-content\/uploads\/Grafik-Animalium-1-300x165.png 300w, https:\/\/bqasshop.com\/wp-content\/uploads\/Grafik-Animalium-1-18x10.png 18w, https:\/\/bqasshop.com\/wp-content\/uploads\/Grafik-Animalium-1-441x243.png 441w, https:\/\/bqasshop.com\/wp-content\/uploads\/Grafik-Animalium-1-364x201.png 364w, https:\/\/bqasshop.com\/wp-content\/uploads\/Grafik-Animalium-1-150x83.png 150w, https:\/\/bqasshop.com\/wp-content\/uploads\/Grafik-Animalium-1-109x60.png 109w, https:\/\/bqasshop.com\/wp-content\/uploads\/Grafik-Animalium-1-163x90.png 163w\" sizes=\"(max-width: 360px) 147px, (max-width: 617px) 100vw, 617px\" \/>\t\t\t\t\t\t\t\t\t\t\t\t\t\t\t<\/div>\n\t\t\t\t<\/div>\n\t\t\t\t\t<\/div>\n\t\t<\/div>\n\t\t\t\t\t<\/div>\n\t\t<\/section>\n\t\t\t\t\t<\/div>\n\t\t<\/div>\n\t\t\t\t\t<\/div>\n\t\t<\/section>\n\t\t\t\t<section class=\"elementor-section elementor-top-section elementor-element elementor-element-1c69b18 elementor-section-full_width elementor-section-height-default elementor-section-height-default elementor-invisible\" data-id=\"1c69b18\" data-element_type=\"section\" data-e-type=\"section\" data-settings=\"{&quot;animation&quot;:&quot;slideInRight&quot;}\">\n\t\t\t\t\t\t<div class=\"elementor-container elementor-column-gap-default\">\n\t\t\t\t\t<div class=\"elementor-column elementor-col-100 elementor-top-column elementor-element elementor-element-e3036a5 elementor-invisible\" data-id=\"e3036a5\" data-element_type=\"column\" data-e-type=\"column\" data-settings=\"{&quot;background_background&quot;:&quot;classic&quot;,&quot;animation&quot;:&quot;fadeIn&quot;}\">\n\t\t\t<div class=\"elementor-widget-wrap elementor-element-populated\">\n\t\t\t\t\t<div class=\"elementor-background-overlay\"><\/div>\n\t\t\t\t\t\t<div class=\"elementor-element elementor-element-29491a3b elementor-widget elementor-widget-text-editor\" data-id=\"29491a3b\" data-element_type=\"widget\" data-e-type=\"widget\" data-widget_type=\"text-editor.default\">\n\t\t\t\t<div class=\"elementor-widget-container\">\n\t\t\t\t\t\t\t\t\t<h3><strong>Was sagen uns die Scan-Analysedaten<\/strong><\/h3>\t\t\t\t\t\t\t\t<\/div>\n\t\t\t\t<\/div>\n\t\t\t\t<div class=\"elementor-element elementor-element-5f6fc74 elementor-widget elementor-widget-image\" data-id=\"5f6fc74\" data-element_type=\"widget\" data-e-type=\"widget\" data-widget_type=\"image.default\">\n\t\t\t\t<div class=\"elementor-widget-container\">\n\t\t\t\t\t\t\t\t\t\t\t\t\t\t\t<img decoding=\"async\" width=\"1024\" height=\"168\" src=\"https:\/\/bqasshop.com\/wp-content\/uploads\/Grafik-Farbe-1024x168.png\" class=\"attachment-large size-large wp-image-24114\" alt=\"\" srcset=\"https:\/\/bqasshop.com\/wp-content\/uploads\/Grafik-Farbe-1024x168.png 1024w, https:\/\/bqasshop.com\/wp-content\/uploads\/Grafik-Farbe-300x49.png 300w, https:\/\/bqasshop.com\/wp-content\/uploads\/Grafik-Farbe-768x126.png 768w, https:\/\/bqasshop.com\/wp-content\/uploads\/Grafik-Farbe-18x3.png 18w, https:\/\/bqasshop.com\/wp-content\/uploads\/Grafik-Farbe-990x162.png 990w, https:\/\/bqasshop.com\/wp-content\/uploads\/Grafik-Farbe-441x72.png 441w, https:\/\/bqasshop.com\/wp-content\/uploads\/Grafik-Farbe-364x60.png 364w, https:\/\/bqasshop.com\/wp-content\/uploads\/Grafik-Farbe-723x118.png 723w, https:\/\/bqasshop.com\/wp-content\/uploads\/Grafik-Farbe-150x25.png 150w, https:\/\/bqasshop.com\/wp-content\/uploads\/Grafik-Farbe-190x31.png 190w, https:\/\/bqasshop.com\/wp-content\/uploads\/Grafik-Farbe-549x90.png 549w, https:\/\/bqasshop.com\/wp-content\/uploads\/Grafik-Farbe.png 1050w\" sizes=\"(max-width: 360px) 147px, (max-width: 1024px) 100vw, 1024px\" \/>\t\t\t\t\t\t\t\t\t\t\t\t\t\t\t<\/div>\n\t\t\t\t<\/div>\n\t\t\t\t\t<\/div>\n\t\t<\/div>\n\t\t\t\t\t<\/div>\n\t\t<\/section>\n\t\t\t\t<section class=\"elementor-section elementor-top-section elementor-element elementor-element-f8aa651 elementor-section-full_width elementor-section-height-default elementor-section-height-default elementor-invisible\" data-id=\"f8aa651\" data-element_type=\"section\" data-e-type=\"section\" data-settings=\"{&quot;animation&quot;:&quot;slideInRight&quot;}\">\n\t\t\t\t\t\t<div class=\"elementor-container elementor-column-gap-default\">\n\t\t\t\t\t<div class=\"elementor-column elementor-col-50 elementor-top-column elementor-element elementor-element-cd1303f elementor-invisible\" data-id=\"cd1303f\" data-element_type=\"column\" data-e-type=\"column\" data-settings=\"{&quot;background_background&quot;:&quot;classic&quot;,&quot;animation&quot;:&quot;fadeIn&quot;}\">\n\t\t\t<div class=\"elementor-widget-wrap elementor-element-populated\">\n\t\t\t\t\t<div class=\"elementor-background-overlay\"><\/div>\n\t\t\t\t\t\t<div class=\"elementor-element elementor-element-a4ff8c3 elementor-widget elementor-widget-image\" data-id=\"a4ff8c3\" data-element_type=\"widget\" data-e-type=\"widget\" data-widget_type=\"image.default\">\n\t\t\t\t<div class=\"elementor-widget-container\">\n\t\t\t\t\t\t\t\t\t\t\t\t\t\t\t\t<a href=\"https:\/\/bqasshop.com\/en\/product\/nadh-energy-chewing-gum-belebender-wirkung-frischem-pfefferminz-geschmack\/\">\n\t\t\t\t\t\t\t<img decoding=\"async\" width=\"323\" height=\"444\" src=\"https:\/\/bqasshop.com\/wp-content\/uploads\/Grafik-Handbuch.png\" class=\"attachment-large size-large wp-image-24115\" alt=\"\" srcset=\"https:\/\/bqasshop.com\/wp-content\/uploads\/Grafik-Handbuch.png 323w, https:\/\/bqasshop.com\/wp-content\/uploads\/Grafik-Handbuch-218x300.png 218w, https:\/\/bqasshop.com\/wp-content\/uploads\/Grafik-Handbuch-9x12.png 9w, https:\/\/bqasshop.com\/wp-content\/uploads\/Grafik-Handbuch-150x206.png 150w, https:\/\/bqasshop.com\/wp-content\/uploads\/Grafik-Handbuch-44x60.png 44w, https:\/\/bqasshop.com\/wp-content\/uploads\/Grafik-Handbuch-65x90.png 65w\" sizes=\"(max-width: 360px) 147px, (max-width: 323px) 100vw, 323px\" \/>\t\t\t\t\t\t\t\t<\/a>\n\t\t\t\t\t\t\t\t\t\t\t\t\t\t\t<\/div>\n\t\t\t\t<\/div>\n\t\t\t\t\t<\/div>\n\t\t<\/div>\n\t\t\t\t<div class=\"elementor-column elementor-col-50 elementor-top-column elementor-element elementor-element-4a8bbd5 elementor-invisible\" data-id=\"4a8bbd5\" data-element_type=\"column\" data-e-type=\"column\" data-settings=\"{&quot;background_background&quot;:&quot;classic&quot;,&quot;animation&quot;:&quot;fadeIn&quot;}\">\n\t\t\t<div class=\"elementor-widget-wrap elementor-element-populated\">\n\t\t\t\t\t<div class=\"elementor-background-overlay\"><\/div>\n\t\t\t\t\t\t<div class=\"elementor-element elementor-element-6cba3b4 elementor-widget elementor-widget-image\" data-id=\"6cba3b4\" data-element_type=\"widget\" data-e-type=\"widget\" data-widget_type=\"image.default\">\n\t\t\t\t<div class=\"elementor-widget-container\">\n\t\t\t\t\t\t\t\t\t\t\t\t\t\t\t<img loading=\"lazy\" decoding=\"async\" width=\"221\" height=\"265\" src=\"https:\/\/bqasshop.com\/wp-content\/uploads\/Testergebnis.png\" class=\"attachment-large size-large wp-image-24117\" alt=\"\" srcset=\"https:\/\/bqasshop.com\/wp-content\/uploads\/Testergebnis.png 221w, https:\/\/bqasshop.com\/wp-content\/uploads\/Testergebnis-10x12.png 10w, https:\/\/bqasshop.com\/wp-content\/uploads\/Testergebnis-150x180.png 150w, https:\/\/bqasshop.com\/wp-content\/uploads\/Testergebnis-50x60.png 50w, https:\/\/bqasshop.com\/wp-content\/uploads\/Testergebnis-75x90.png 75w\" sizes=\"(max-width: 360px) 147px, (max-width: 221px) 100vw, 221px\" \/>\t\t\t\t\t\t\t\t\t\t\t\t\t\t\t<\/div>\n\t\t\t\t<\/div>\n\t\t\t\t\t<\/div>\n\t\t<\/div>\n\t\t\t\t\t<\/div>\n\t\t<\/section>\n\t\t\t\t<section class=\"elementor-section elementor-top-section elementor-element elementor-element-0c4eed0 elementor-section-boxed elementor-section-height-default elementor-section-height-default\" data-id=\"0c4eed0\" data-element_type=\"section\" data-e-type=\"section\">\n\t\t\t\t\t\t<div class=\"elementor-container elementor-column-gap-default\">\n\t\t\t\t\t<div class=\"elementor-column elementor-col-100 elementor-top-column elementor-element elementor-element-4869aab\" data-id=\"4869aab\" data-element_type=\"column\" data-e-type=\"column\">\n\t\t\t<div class=\"elementor-widget-wrap elementor-element-populated\">\n\t\t\t\t\t\t<div class=\"elementor-element elementor-element-c898284 elementor-widget elementor-widget-text-editor\" data-id=\"c898284\" data-element_type=\"widget\" data-e-type=\"widget\" data-widget_type=\"text-editor.default\">\n\t\t\t\t<div class=\"elementor-widget-container\">\n\t\t\t\t\t\t\t\t\t<p><strong>Wichtig: Tiere mit langem und dichtem Fell<\/strong><\/p><p>Vor dem Messen muss das Tier an den beiden Stellen wo die Elektroden am K\u00f6rper des Tieres anliegen, auf 4 cm \u2205 abrasiert werden, damit sich die Elektroden fest an die Tierhaut anpressen k\u00f6nnen.<\/p>\t\t\t\t\t\t\t\t<\/div>\n\t\t\t\t<\/div>\n\t\t\t\t<section class=\"elementor-section elementor-inner-section elementor-element elementor-element-31153fa elementor-section-boxed elementor-section-height-default elementor-section-height-default\" data-id=\"31153fa\" data-element_type=\"section\" data-e-type=\"section\">\n\t\t\t\t\t\t<div class=\"elementor-container elementor-column-gap-default\">\n\t\t\t\t\t<div class=\"elementor-column elementor-col-100 elementor-inner-column elementor-element elementor-element-1aacca3\" data-id=\"1aacca3\" data-element_type=\"column\" data-e-type=\"column\">\n\t\t\t<div class=\"elementor-widget-wrap elementor-element-populated\">\n\t\t\t\t\t\t<div class=\"elementor-element elementor-element-5840425 elementor-widget elementor-widget-image\" data-id=\"5840425\" data-element_type=\"widget\" data-e-type=\"widget\" data-widget_type=\"image.default\">\n\t\t\t\t<div class=\"elementor-widget-container\">\n\t\t\t\t\t\t\t\t\t\t\t\t\t\t\t<img loading=\"lazy\" decoding=\"async\" width=\"724\" height=\"332\" src=\"https:\/\/bqasshop.com\/wp-content\/uploads\/Grafik-PHK.png\" class=\"attachment-large size-large wp-image-24116\" alt=\"\" srcset=\"https:\/\/bqasshop.com\/wp-content\/uploads\/Grafik-PHK.png 724w, https:\/\/bqasshop.com\/wp-content\/uploads\/Grafik-PHK-300x138.png 300w, https:\/\/bqasshop.com\/wp-content\/uploads\/Grafik-PHK-18x8.png 18w, https:\/\/bqasshop.com\/wp-content\/uploads\/Grafik-PHK-441x202.png 441w, https:\/\/bqasshop.com\/wp-content\/uploads\/Grafik-PHK-364x167.png 364w, https:\/\/bqasshop.com\/wp-content\/uploads\/Grafik-PHK-150x69.png 150w, https:\/\/bqasshop.com\/wp-content\/uploads\/Grafik-PHK-131x60.png 131w, https:\/\/bqasshop.com\/wp-content\/uploads\/Grafik-PHK-196x90.png 196w\" sizes=\"(max-width: 360px) 147px, (max-width: 724px) 100vw, 724px\" \/>\t\t\t\t\t\t\t\t\t\t\t\t\t\t\t<\/div>\n\t\t\t\t<\/div>\n\t\t\t\t\t<\/div>\n\t\t<\/div>\n\t\t\t\t\t<\/div>\n\t\t<\/section>\n\t\t\t\t\t<\/div>\n\t\t<\/div>\n\t\t\t\t\t<\/div>\n\t\t<\/section>\n\t\t\t\t<section class=\"elementor-section elementor-top-section elementor-element elementor-element-1d3e23d elementor-section-boxed elementor-section-height-default elementor-section-height-default\" data-id=\"1d3e23d\" data-element_type=\"section\" data-e-type=\"section\">\n\t\t\t\t\t\t<div class=\"elementor-container elementor-column-gap-default\">\n\t\t\t\t\t<div class=\"elementor-column elementor-col-100 elementor-top-column elementor-element elementor-element-81d213d\" data-id=\"81d213d\" data-element_type=\"column\" data-e-type=\"column\">\n\t\t\t<div class=\"elementor-widget-wrap elementor-element-populated\">\n\t\t\t\t\t\t<div class=\"elementor-element elementor-element-6d87f5f elementor-widget elementor-widget-text-editor\" data-id=\"6d87f5f\" data-element_type=\"widget\" data-e-type=\"widget\" data-widget_type=\"text-editor.default\">\n\t\t\t\t<div class=\"elementor-widget-container\">\n\t\t\t\t\t\t\t\t\t<p><strong>Unmissverst\u00e4ndliche Definition des ANIMALIUM SCAN-LIFESTYLE-PLAYER Ger\u00e4tes im Sinne der Wissenschaft und Schulmedizin \u2013 naturgem\u00e4\u00df sehen das Komplement\u00e4r-Mediziner und gesundheitsbezogen alternativ denkende Menschen anders!<\/strong><\/p><p><strong>A) Notice to consumers:<\/strong><br \/>Grunds\u00e4tzlich f\u00fchren wir keine Diagnosen, Therapien, Behandlungen im medizinischen Sinne durch. Unsere Messungen k\u00f6nnen keine psychologische oder physiologische Behandlung ersetzen. Heilversprechen<br \/>sowie Erfolgsversprechen werden nicht gegeben. F\u00fcr etwaige Therapien wird auf Arzt, Therapeut oder Heilpraktiker verwiesen!<br \/><strong>B) Notice to consumers:<\/strong><br \/>Das ANIMALIUM SCAN ist ein \u201eLifestyle-Player\u201c und kein medizinisches Ger\u00e4t. Analytische Auswertungen mit dem ANIMALIUM SCAN sind aus medizinischer Sichtweise nicht von Bedeutung, deshalb von Wissenschaft<br \/>und Schulmedizin auch nicht anerkannt. Die Analyse mit dem ANIMALIUM SCAN ersetzt Grund dessen keine schulmedizinisch anerkannten Diagnosemethoden.<br \/>Aus der Analyseinterpretation, resultierend aus dem ANIMALIUM SCAN Test, k\u00f6nnen keine aussagekr\u00e4ftigen medizinisch anerkannten Diagnosen oder Gesundheitszust\u00e4nde bzw. Messwerte des gemessenen Tieres<br \/>abgeleitet werden. Diagnosen und Therapiema\u00dfnahmen k\u00f6nnen ausschlie\u00dflich Tier\u00e4rzten erstellt und eingeleitet werden. Ergebnisse und Messwerte aus dem ANIMALIUM SCAN Test k\u00f6nnen aufgrund falscher<br \/>Anwendung, situationsbedingtem Verfassungszustandes und\/oder Lebenswandel des Tieres verf\u00e4lscht sein. Fakt: ANIMALIUM SCAN ist ein Lifestyle-Player\u201c \u2013 ein Spielger\u00e4t das mit K\u00f6rperfunktionsanalysen spielt,<br \/>die angegeben, angepriesenen Leistungen nicht erf\u00fcllt \u2013 so aus der Sichtweise der Wissenschaft, Schulmedizin, Elektroniker. K\u00e4ufer dieses Ger\u00e4tes treffen in Kenntnisnahme dieser Fakten (Tatsachen) ihre Kaufentscheidung<br \/>freiwillig und auf eigenes Risiko.<br \/>A large number of homeopaths throughout Europe have been working with BIORESONANCE for many years and have successfully reversed the polarity of allergies etc. with the bioresonance devices.<br \/>\u201eWehrmutstropfen\u201c: ANIMALIUM SCAN-Anwender nutzen das Ger\u00e4t zur vollsten Zufriedenheit, es gab bis dato keine einzige Beschwerde. Kann denn das alles Humbug sein, nur weil die Elektronik-Fachleute, die<br \/>Schulmedizin, die Wissenschaft mit elektromagnetischen Wellen, Gravitationswellen oder Schallwellen und Skalarwellen nichts anzufangen wei\u00df? War Nicola Tesla gar ein Scharlatan?<br \/>Is there a double standard here?<br \/>Der Hersteller und Inverkehrbringer dieses \u201eLIFESTYLE-PLAYER\u201c Ger\u00e4tes namens ANIMALIUM SCAN \u00fcbernehmen keine sonstige Haftung oder Garantie bzw. Gew\u00e4hrleistung f\u00fcr die Messgenauigkeit bzw. Aussagekraft<br \/>der Messdaten bzw. Interpretation durch dieses System. Fakt: Der K\u00e4ufer\/Anwender wendet das ANIMALIUM SCAN in Eigenregie, freiwillig und selbstst\u00e4ndig, unter Kenntnisnahme der vorhin geschilderten<br \/>Fakten an, sodass keinerlei Haftung f\u00fcr, aus Messdaten bzw. Messergebnisse resultierende Sch\u00e4den an Tieren- und\/oder Sachsch\u00e4den von Hersteller und Inverkehrbringer \u00fcbernommen werden.\u201c Skalarwellen<br \/>(auch Scalarwelle) sind hypothetische, elektromagnetische Wellen. Sie unterscheiden sich von herk\u00f6mmlichen elektromagnetischen Wellen, indem sie sich in Richtung eines Feldzeigers (longitudinale Wellen)<br \/>durch eine Schwingungsebene parallel zur Ausbreitungsrichtung ausbreiten. Obgleich sie als Gravitationswellen oder Schallwellen auftreten, verf\u00fcgen sie vor allem als elektrische und magnetische Feldph\u00e4nomene<br \/>\u00fcber phantastische Eigenschaften.<br \/>Das \u201eLIFESTYLE-PLAYER\u201c Ger\u00e4t \u201eANIMALIUM SCAN\u201c ist markenrechtlich gesch\u00fctzt! * * INNOVA SWISS AG. *ANIMALIUM SCAN-Hardware Ursprungsland\/Country of origin: China. ANIMALIUM SCAN-Software: Ursprungsland\/<br \/>Country of origin: USA<\/p>\t\t\t\t\t\t\t\t<\/div>\n\t\t\t\t<\/div>\n\t\t\t\t\t<\/div>\n\t\t<\/div>\n\t\t\t\t\t<\/div>\n\t\t<\/section>\n\t\t\t\t<\/div>","protected":false},"excerpt":{"rendered":"<p>LIFESTYLE-PLAYER-ANIMALIUM SCAN im neuen Hartschalenkoffer<br \/>\n\u2022 das Original vom Hersteller<\/p>\n<p>Was ist neu beim ANIMALIUM SCAN!<br \/>\n\u2022 3 Messgurte verschiedener L\u00e4ngen mit Elektroden<br \/>\na) 200 cm Gurtenl\u00e4nge f\u00fcr Pferde<br \/>\nb) 80 cm Gurtenl\u00e4nge f\u00fcr Hunde<br \/>\nc) 20 cm Gurtenl\u00e4nge f\u00fcr Katzen<br \/>\n\u2022 neu Hartschalenkoffer-Verpackung<\/p>\n<p><strong>Att.:<\/strong> Animals with long and thick fur must be shaved at the measuring point (where the electrodes are attached).<\/p>\n<p><strong>Payment by installments<\/strong><br \/>\n\u2022 Ab sofort auch zinsenlose Ratenzahlung m\u00f6glich!<br \/>\n\u2022 50% Anzahlung \u2013 Restzahlung in 3 gleichen Monatsraten<br \/>\n\u2022 kontaktieren Sie uns bei Bedarf bitte per E-Mail unter: <a href=\"mailto:marketing@gn-products.com\">marketing@gn-products.com<\/a> or <a href=\"mailto:office@bqasshop.com\">office@bqasshop.com<\/a><\/p>\n<div class=\"fusion-layout-column fusion_builder_column fusion-builder-column-9 fusion-flex-column fusion-flex-align-self-center\">\n<div class=\"fusion-column-wrapper fusion-column-has-shadow fusion-flex-justify-content-flex-start fusion-content-layout-column\">\n<div class=\"fusion-text fusion-text-5\">\n<p><strong>Delivery time: promptly available!<\/strong> Orders before 10am will be shipped the same day by DPD!<br \/>\nPostage cost allocation from 1.2.2025<\/p>\n<ul>\n<li>Delivery within Austria: postage \u20ac 15,50<\/li>\n<li>Delivery to all EU countries from the central warehouse\/Austria: postage \u20ac 19.50<\/li>\n<li>Delivery within Switzerland: postage free from the new Swiss sub-warehouse\/CH-8585 Langrickenbach: postage \u20ac 15.50<\/li>\n<\/ul>\n<p>- franko customer!<\/p>\n<\/div>\n<\/div>\n<\/div>","protected":false},"featured_media":24112,"comment_status":"closed","ping_status":"closed","template":"","meta":[],"product_brand":[],"product_cat":[1057,74],"product_tag":[26],"class_list":{"0":"post-24131","1":"product","2":"type-product","3":"status-publish","4":"has-post-thumbnail","6":"product_cat-animalium-scan","7":"product_cat-medizinische-geraete","8":"product_tag-animalium","9":"product_shipping_class-bqas-und-kap-mikro","11":"first","12":"instock","13":"taxable","14":"shipping-taxable","15":"purchasable","16":"product-type-simple"},"_links":{"self":[{"href":"https:\/\/bqasshop.com\/en\/wp-json\/wp\/v2\/product\/24131","targetHints":{"allow":["GET"]}}],"collection":[{"href":"https:\/\/bqasshop.com\/en\/wp-json\/wp\/v2\/product"}],"about":[{"href":"https:\/\/bqasshop.com\/en\/wp-json\/wp\/v2\/types\/product"}],"replies":[{"embeddable":true,"href":"https:\/\/bqasshop.com\/en\/wp-json\/wp\/v2\/comments?post=24131"}],"version-history":[{"count":3,"href":"https:\/\/bqasshop.com\/en\/wp-json\/wp\/v2\/product\/24131\/revisions"}],"predecessor-version":[{"id":24170,"href":"https:\/\/bqasshop.com\/en\/wp-json\/wp\/v2\/product\/24131\/revisions\/24170"}],"wp:featuredmedia":[{"embeddable":true,"href":"https:\/\/bqasshop.com\/en\/wp-json\/wp\/v2\/media\/24112"}],"wp:attachment":[{"href":"https:\/\/bqasshop.com\/en\/wp-json\/wp\/v2\/media?parent=24131"}],"wp:term":[{"taxonomy":"product_brand","embeddable":true,"href":"https:\/\/bqasshop.com\/en\/wp-json\/wp\/v2\/product_brand?post=24131"},{"taxonomy":"product_cat","embeddable":true,"href":"https:\/\/bqasshop.com\/en\/wp-json\/wp\/v2\/product_cat?post=24131"},{"taxonomy":"product_tag","embeddable":true,"href":"https:\/\/bqasshop.com\/en\/wp-json\/wp\/v2\/product_tag?post=24131"}],"curies":[{"name":"wp","href":"https:\/\/api.w.org\/{rel}","templated":true}]}}