{"id":22930,"date":"2024-07-10T17:19:27","date_gmt":"2024-07-10T15:19:27","guid":{"rendered":"https:\/\/bqasshop.com\/?post_type=product&#038;p=22930"},"modified":"2026-02-24T17:47:56","modified_gmt":"2026-02-24T16:47:56","slug":"hartschalenkoffer-bqas","status":"publish","type":"product","link":"https:\/\/bqasshop.com\/en\/product\/hartschalenkoffer-bqas\/","title":{"rendered":"Hard case for BQAS"},"content":{"rendered":"<h3><strong>BIO QUANTUM ANALYSIS SYSTEM<br \/>\n<\/strong><\/h3>\n<p><img fetchpriority=\"high\" decoding=\"async\" src=\"https:\/\/bqasshop.com\/wp-content\/uploads\/bqas-Hartschalenkoffer-img2.jpg\" alt=\"\" width=\"1072\" height=\"721\" \/><\/p>\n<h2><strong>High-quality BQAS HARD SHELL CASE<\/strong><\/h2>\n<p>With this high-quality hard case, you can take the BQAS device with you to any home visit, on vacation, on a business trip, etc., in the car, plane, train, etc., without exposing it to damage. <strong>Safety first!<\/strong><\/p>","protected":false},"excerpt":{"rendered":"<p><em>While stocks last! Legal action excluded.<\/em><\/p>\n<p><span style=\"color: #339966;\"><strong>Mit diesem hochwertigen Hartschalenkoffer, k\u00f6nnen Sie das BQAS-Ger\u00e4t zu jedem Hausbesuch, in den Urlaub, auf eine Gesch\u00e4ftsreise etc., im Auto, Flugzeug, der Eisenbahn etc. mitnehmen, ohne es einer Besch\u00e4digung auszusetzen.<br \/>\nSafety first!<\/strong><\/span><\/p>\n<p>Production: Austria | <strong>Delivery time: promptly available!<\/strong> Orders before 10am will be shipped the same day by DPD!<br \/>\n<strong>Postage cost allocation from 1.2.2025:<\/strong><\/p>\n<ul>\n<li><strong>Delivery within Austria:<\/strong><br \/>\nup to order value \u20ac 89,99 - postage \u20ac 5,60.<br \/>\nFree delivery for orders over \u20ac 90<\/li>\n<li><strong>Delivery to all EU countries from the central warehouse\/Austria:<\/strong><br \/>\nup to order value \u20ac 89,99 - postage \u20ac 9,50.<br \/>\nFree delivery for orders over \u20ac 90<\/li>\n<li><strong>Delivery within Switzerland:<\/strong><br \/>\nfree postage from the new Swiss sub-warehouse\/CH-8585 Langrickenbach: up to order value \u20ac 89,99 - postage \u20ac 9,50.<br \/>\nFree delivery for orders over \u20ac 90<\/li>\n<\/ul>\n<p>&nbsp;<\/p>","protected":false},"featured_media":23818,"comment_status":"closed","ping_status":"closed","template":"","meta":[],"product_brand":[],"product_cat":[1000,74,996],"product_tag":[],"class_list":{"0":"post-22930","1":"product","2":"type-product","3":"status-publish","4":"has-post-thumbnail","6":"product_cat-accessoires","7":"product_cat-medizinische-geraete","8":"product_cat-selbst-gesundheits-check-up","9":"product_shipping_class-nadh-produkte-und-accessoires","11":"first","12":"instock","13":"taxable","14":"shipping-taxable","15":"purchasable","16":"product-type-simple"},"_links":{"self":[{"href":"https:\/\/bqasshop.com\/en\/wp-json\/wp\/v2\/product\/22930","targetHints":{"allow":["GET"]}}],"collection":[{"href":"https:\/\/bqasshop.com\/en\/wp-json\/wp\/v2\/product"}],"about":[{"href":"https:\/\/bqasshop.com\/en\/wp-json\/wp\/v2\/types\/product"}],"replies":[{"embeddable":true,"href":"https:\/\/bqasshop.com\/en\/wp-json\/wp\/v2\/comments?post=22930"}],"version-history":[{"count":6,"href":"https:\/\/bqasshop.com\/en\/wp-json\/wp\/v2\/product\/22930\/revisions"}],"predecessor-version":[{"id":24959,"href":"https:\/\/bqasshop.com\/en\/wp-json\/wp\/v2\/product\/22930\/revisions\/24959"}],"wp:featuredmedia":[{"embeddable":true,"href":"https:\/\/bqasshop.com\/en\/wp-json\/wp\/v2\/media\/23818"}],"wp:attachment":[{"href":"https:\/\/bqasshop.com\/en\/wp-json\/wp\/v2\/media?parent=22930"}],"wp:term":[{"taxonomy":"product_brand","embeddable":true,"href":"https:\/\/bqasshop.com\/en\/wp-json\/wp\/v2\/product_brand?post=22930"},{"taxonomy":"product_cat","embeddable":true,"href":"https:\/\/bqasshop.com\/en\/wp-json\/wp\/v2\/product_cat?post=22930"},{"taxonomy":"product_tag","embeddable":true,"href":"https:\/\/bqasshop.com\/en\/wp-json\/wp\/v2\/product_tag?post=22930"}],"curies":[{"name":"wp","href":"https:\/\/api.w.org\/{rel}","templated":true}]}}