{"id":21790,"date":"2023-11-07T20:53:08","date_gmt":"2023-11-07T19:53:08","guid":{"rendered":"https:\/\/bqasshop.com\/?post_type=product&#038;p=21790"},"modified":"2025-01-29T22:49:44","modified_gmt":"2025-01-29T21:49:44","slug":"smart-control-watch","status":"publish","type":"product","link":"https:\/\/bqasshop.com\/en\/product\/smart-control-watch\/","title":{"rendered":"GC-300 Smart Watch \/ (Health Control Watch) latest model 2023"},"content":{"rendered":"<p><a href=\"https:\/\/bqasshop.com\/wp-content\/uploads\/Control-Watch02.jpg\" data-elementor-open-lightbox=\"yes\" data-elementor-lightbox-slideshow=\"2226291\" data-elementor-lightbox-title=\"Control-Watch02\" data-e-action-hash=\"#elementor-action%3Aaction%3Dlightbox%26settings%3DeyJpZCI6MjE4MDksInVybCI6Imh0dHBzOlwvXC93d3cuaW5ub3ZhLXN3aXNzLmNvbVwvd3AtY29udGVudFwvdXBsb2Fkc1wvQ29udHJvbC1XYXRjaDAyLmpwZyIsInNsaWRlc2hvdyI6IjIyMjYyOTEifQ%3D%3D\"><br \/>\n<\/a><br \/>\n<a href=\"https:\/\/bqasshop.com\/wp-content\/uploads\/Controll-Smart-Watch-009.jpg\" data-elementor-open-lightbox=\"yes\" data-elementor-lightbox-slideshow=\"2226291\" data-elementor-lightbox-title=\"Controll Smart Watch 009\" data-e-action-hash=\"#elementor-action%3Aaction%3Dlightbox%26settings%3DeyJpZCI6MjE4MDQsInVybCI6Imh0dHBzOlwvXC93d3cuaW5ub3ZhLXN3aXNzLmNvbVwvd3AtY29udGVudFwvdXBsb2Fkc1wvQ29udHJvbGwtU21hcnQtV2F0Y2gtMDA5LmpwZyIsInNsaWRlc2hvdyI6IjIyMjYyOTEifQ%3D%3D\"><br \/>\n<\/a><br \/>\n<a href=\"https:\/\/bqasshop.com\/wp-content\/uploads\/Control-Watch-04.jpg\" data-elementor-open-lightbox=\"yes\" data-elementor-lightbox-slideshow=\"2226291\" data-elementor-lightbox-title=\"Control-Watch 04\" data-e-action-hash=\"#elementor-action%3Aaction%3Dlightbox%26settings%3DeyJpZCI6MjE4MDUsInVybCI6Imh0dHBzOlwvXC93d3cuaW5ub3ZhLXN3aXNzLmNvbVwvd3AtY29udGVudFwvdXBsb2Fkc1wvQ29udHJvbC1XYXRjaC0wNC5qcGciLCJzbGlkZXNob3ciOiIyMjI2MjkxIn0%3D\"><br \/>\n<\/a><br \/>\n<a href=\"https:\/\/bqasshop.com\/wp-content\/uploads\/Control-Watch-06.jpg\" data-elementor-open-lightbox=\"yes\" data-elementor-lightbox-slideshow=\"2226291\" data-elementor-lightbox-title=\"Control-Watch 06\" data-e-action-hash=\"#elementor-action%3Aaction%3Dlightbox%26settings%3DeyJpZCI6MjE4MDYsInVybCI6Imh0dHBzOlwvXC93d3cuaW5ub3ZhLXN3aXNzLmNvbVwvd3AtY29udGVudFwvdXBsb2Fkc1wvQ29udHJvbC1XYXRjaC0wNi5qcGciLCJzbGlkZXNob3ciOiIyMjI2MjkxIn0%3D\"><br \/>\n<\/a><br \/>\n<a href=\"https:\/\/bqasshop.com\/wp-content\/uploads\/Control-Watch-07png.jpg\" data-elementor-open-lightbox=\"yes\" data-elementor-lightbox-slideshow=\"2226291\" data-elementor-lightbox-title=\"Control-Watch 07png\" data-e-action-hash=\"#elementor-action%3Aaction%3Dlightbox%26settings%3DeyJpZCI6MjE4MDcsInVybCI6Imh0dHBzOlwvXC93d3cuaW5ub3ZhLXN3aXNzLmNvbVwvd3AtY29udGVudFwvdXBsb2Fkc1wvQ29udHJvbC1XYXRjaC0wN3BuZy5qcGciLCJzbGlkZXNob3ciOiIyMjI2MjkxIn0%3D\"><br \/>\n<\/a><br \/>\n<a href=\"https:\/\/bqasshop.com\/wp-content\/uploads\/Control-Watch01.jpg\" data-elementor-open-lightbox=\"yes\" data-elementor-lightbox-slideshow=\"2226291\" data-elementor-lightbox-title=\"Control-Watch01\" data-e-action-hash=\"#elementor-action%3Aaction%3Dlightbox%26settings%3DeyJpZCI6MjE4MDgsInVybCI6Imh0dHBzOlwvXC93d3cuaW5ub3ZhLXN3aXNzLmNvbVwvd3AtY29udGVudFwvdXBsb2Fkc1wvQ29udHJvbC1XYXRjaDAxLmpwZyIsInNsaWRlc2hvdyI6IjIyMjYyOTEifQ%3D%3D\"><br \/>\n<\/a><br \/>\n<a href=\"https:\/\/bqasshop.com\/wp-content\/uploads\/Contol-Watch03.jpg\" data-elementor-open-lightbox=\"yes\" data-elementor-lightbox-slideshow=\"2226291\" data-elementor-lightbox-title=\"Contol-Watch03\" data-e-action-hash=\"#elementor-action%3Aaction%3Dlightbox%26settings%3DeyJpZCI6MjE4MDIsInVybCI6Imh0dHBzOlwvXC93d3cuaW5ub3ZhLXN3aXNzLmNvbVwvd3AtY29udGVudFwvdXBsb2Fkc1wvQ29udG9sLVdhdGNoMDMuanBnIiwic2xpZGVzaG93IjoiMjIyNjI5MSJ9\"><br \/>\n<\/a><br \/>\n<a href=\"https:\/\/bqasshop.com\/wp-content\/uploads\/Uhrband-light-pink-golden-watch.jpg\" data-elementor-open-lightbox=\"yes\" data-elementor-lightbox-slideshow=\"2226291\" data-elementor-lightbox-title=\"Uhrband - light pink - golden watch\" data-e-action-hash=\"#elementor-action%3Aaction%3Dlightbox%26settings%3DeyJpZCI6MjE4MTAsInVybCI6Imh0dHBzOlwvXC93d3cuaW5ub3ZhLXN3aXNzLmNvbVwvd3AtY29udGVudFwvdXBsb2Fkc1wvVWhyYmFuZC1saWdodC1waW5rLWdvbGRlbi13YXRjaC5qcGciLCJzbGlkZXNob3ciOiIyMjI2MjkxIn0%3D\"><br \/>\n<\/a><\/p>\n<p><em>Rechtlicher Hinweis: Smartwatch-Messung ersetzt keinen Arztbesuch<\/em><\/p>\n<p><strong>Haben Sie schon geh\u00f6rt, dass es einen neuen Glukosemonitor in Form einer Uhr gibt?<\/strong><br \/>\nWir listen hier nur einige Besonderheiten auf, die diese SMART WATCH GC-300 aufzuweisen hat. Bitte sehen Sie sich die Bebilderte Bedienungsanleitung sowei die Funktionsbeschreibungen in dieser Website an und lesen sie das Download Handbuch genau durch.<br \/>\nMit dieser 2023 neu auf den Markt gebrachten neuen <strong>SMART WATCH GC-300<\/strong> wird der den Blutzuckerspiegel schmerzfrei in Sekundenschnelle gemessen.<br \/>\nDie Weltgesundheitsorganisation berichtet, dass allein in <strong>Deutschland 8 Millionen Menschen an Diabetes leiden.<\/strong><\/p>\n<p><strong><img fetchpriority=\"high\" decoding=\"async\" src=\"https:\/\/bqasshop.com\/wp-content\/uploads\/Web-Smart-Watch-2.jpg\" alt=\"\" width=\"994\" height=\"632\" \/> <\/strong><\/p>\n<p><strong>Hinweis f\u00fcr Konsumenten!<\/strong><br \/>\nWenn Sie sich im Internet nach einer SMART WATCH umsehen, werden sie auf huderte unterschiedlichste Modelle sto\u00dfen.<br \/>\nEin Modell besser als das andere. Vom UVP gar nicht zu sprechen, ab \u20ac 19,90 aufw\u00e4rts. Die Masse bis \u20ac 39,90. Wir haben einige dieser Billig-Uhren von<br \/>\nFachleuten testen lassen &#8211; das Ergebnis war wirklich erstaunlich, ern\u00fcchternd!<br \/>\n<strong>Ab \u20ac 100.- werden Qualit\u00e4t SMART WATCHES<\/strong><br \/>\nangeboten, die geeicht, gepr\u00fcft und Gro\u00dfteils mit Echtheits-Zertifikat ausgestattet sind. Unser Unternehmen GNP GLOBAL NATURE PRODUCTS ASSICIATION INC. USA\/EUROPA ist seit Jahren f\u00fcr die Qualit\u00e4t der angebotenen Produkte bekannt und daher von den Kunden gesch\u00e4tzt. Treffen Sie bitte die richtige Wahl!<\/p>\n<p>Diese SMART WATCH wurde f\u00fcr Menschen entwickelt, die Blutzuckertests gro\u00dfe Beachtung schenken und um ihren Blutzuckerspiegel stets unter Kontrolle zu haben. Nur so sind langfristig, ernsthafte Gesundheitsprobleme zu verz\u00f6gern oder zu verhindern.<br \/>\nSauerstoffs\u00e4ttigung im Blut Der Clip auf der Uhr hat auf der einen Seite in einem definierten (Infra-)Rot-Bereich leuchtende Lichtquellen, auf der anderen einen Fotosensor. Durch die unterschiedliche F\u00e4rbung des mit Sauerstoff ges\u00e4ttigten H\u00e4moglobins entsteht f\u00fcr das durchstrahlende Rotlicht eine unterschiedliche Absorption, die der Fotosensor misst.<\/p>\n<p><strong>\u00dcben Sie kontrolliert Sport aus &#8211; zu Land oder im Wasser!<\/strong><\/p>\n<p><img decoding=\"async\" src=\"https:\/\/bqasshop.com\/wp-content\/uploads\/Web-Smart-Watch-Sport.jpg\" alt=\"\" width=\"710\" height=\"421\" \/><\/p>\n<p>Im Schlaf von einer Uhr \u00fcberwacht zu werden, das sollten Sie zulassen!<\/p>\n<p><img decoding=\"async\" src=\"https:\/\/bqasshop.com\/wp-content\/uploads\/Web-Smart-Watch-schlaf1.jpg\" alt=\"\" width=\"250\" height=\"245\" \/><img loading=\"lazy\" decoding=\"async\" src=\"https:\/\/bqasshop.com\/wp-content\/uploads\/Web-Smart-Watch-schlaf2.jpg\" alt=\"\" width=\"252\" height=\"220\" \/><\/p>","protected":false},"excerpt":{"rendered":"<div class=\"proshorttxt\">\n<div class=\"proshorttxt\">\n<p>With 1.43-inch screen, with blood sugar and oxygen monitoring, heart rate HRV, sleep monitor. This smartwatch also has 150 sport modes<\/p>\n<p><em><strong>This FITNESS TRACKER<\/strong><\/em><br \/>\n<em><strong>can do something!<\/strong><\/em><\/p>\n<p><strong>Display type:<\/strong> IPS<br \/>\n<strong>Shield release:<\/strong> 320&#215;240<br \/>\n<strong>Properties:<\/strong> Touch screen, e-mail, APP control, IP67 waterproof, IP68 waterproof<br \/>\n<strong>Functions:<\/strong> Chronograph, Backlight, Calendar, Alarm clock, Month, World time, Remote control, Sleep tracker, Fitness tracker, Small second, Calculator, Passometer, Call reminder, Answer call, Push message, Message reminder, Call dialing, Altimeter, 24 hour statement, Blood-oxygen monitor, NFC (Near Field Communication,) Payment<\/p>\n<p><strong>Colors:<\/strong> schwarz und gold (Achtung: die Gold-Watch wird mit &#8222;<strong><span style=\"color: #ff99cc;\">light pink&#8220;<\/span><\/strong> Uhrband &#8211; unter &#8220; Beschreibung&#8220; abgebildet)!<\/p>\n<div>\n<div class=\"proshorttxt\"><strong>Delivery time: <span style=\"color: #ff0000;\">Sold out<\/span> &#8211; neue Lieferzeit ab 30.4.2024!<br \/>\n<\/strong>Orders placed before 10 a.m. will be shipped the same day by DPD! postage costs will be charged from 1.2.2025<\/p>\n<ul>\n<li>Delivery within Austria: postage \u20ac 11,50<\/li>\n<li>Delivery to all EU countries from the central warehouse\/Austria: postage \u20ac 15.50<\/li>\n<li>Delivery within Switzerland: postage free from the new Swiss sub-warehouse\/CH-8585 Langrickenbach: postage \u20ac 11.50<\/li>\n<\/ul>\n<\/div>\n<\/div>\n<\/div>\n<\/div>","protected":false},"featured_media":21798,"comment_status":"closed","ping_status":"closed","template":"","meta":[],"product_brand":[],"product_cat":[74],"product_tag":[1015],"class_list":{"0":"post-21790","1":"product","2":"type-product","3":"status-publish","4":"has-post-thumbnail","6":"product_cat-medizinische-geraete","7":"product_tag-smart-watch","8":"product_shipping_class-nadh-produkte-und-accessoires","10":"first","11":"instock","12":"taxable","13":"shipping-taxable","14":"purchasable","15":"product-type-variable"},"_links":{"self":[{"href":"https:\/\/bqasshop.com\/en\/wp-json\/wp\/v2\/product\/21790","targetHints":{"allow":["GET"]}}],"collection":[{"href":"https:\/\/bqasshop.com\/en\/wp-json\/wp\/v2\/product"}],"about":[{"href":"https:\/\/bqasshop.com\/en\/wp-json\/wp\/v2\/types\/product"}],"replies":[{"embeddable":true,"href":"https:\/\/bqasshop.com\/en\/wp-json\/wp\/v2\/comments?post=21790"}],"version-history":[{"count":4,"href":"https:\/\/bqasshop.com\/en\/wp-json\/wp\/v2\/product\/21790\/revisions"}],"predecessor-version":[{"id":24063,"href":"https:\/\/bqasshop.com\/en\/wp-json\/wp\/v2\/product\/21790\/revisions\/24063"}],"wp:featuredmedia":[{"embeddable":true,"href":"https:\/\/bqasshop.com\/en\/wp-json\/wp\/v2\/media\/21798"}],"wp:attachment":[{"href":"https:\/\/bqasshop.com\/en\/wp-json\/wp\/v2\/media?parent=21790"}],"wp:term":[{"taxonomy":"product_brand","embeddable":true,"href":"https:\/\/bqasshop.com\/en\/wp-json\/wp\/v2\/product_brand?post=21790"},{"taxonomy":"product_cat","embeddable":true,"href":"https:\/\/bqasshop.com\/en\/wp-json\/wp\/v2\/product_cat?post=21790"},{"taxonomy":"product_tag","embeddable":true,"href":"https:\/\/bqasshop.com\/en\/wp-json\/wp\/v2\/product_tag?post=21790"}],"curies":[{"name":"wp","href":"https:\/\/api.w.org\/{rel}","templated":true}]}}